{"id":933,"date":"2020-07-20T10:16:02","date_gmt":"2020-07-20T10:16:02","guid":{"rendered":"https:\/\/www.tantefine.de\/blog\/?page_id=933"},"modified":"2020-07-20T10:16:03","modified_gmt":"2020-07-20T10:16:03","slug":"teilnahmebedingungen-gewinnspiele","status":"publish","type":"page","link":"https:\/\/staging.tantefine.de\/blog\/teilnahmebedingungen-gewinnspiele\/","title":{"rendered":"Teilnahmebedingungen Gewinnspiele"},"content":{"rendered":"\n<h2>auf Instagram und Facebook <\/h2>\n\n\n\n<p><strong>Teilnahmebedingungen<\/strong><\/p>\n\n\n\n<p>Dieses kostenlose\nGewinnspiel wird von der Tante Fine GmbH, Am Biotop 3, 97259 Greu\u00dfenheim (nachfolgend\n\u201eVeranstalter\u201c genannt) durchgef\u00fchrt.<\/p>\n\n\n\n<p>Aus Gr\u00fcnden der\nbesseren Lesbarkeit wir im Folgenden auf die gleichzeitige Verwendung\nm\u00e4nnlicher und weiblicher Sprachformen verzichtet. S\u00e4mtliche Personenbezeichnungen\ngelten Gleichwohl f\u00fcr alle Geschlechter.<\/p>\n\n\n\n<p>Mit der Teilnahme\nerkl\u00e4rt der Teilnehmer seine Kenntnis und ausdr\u00fcckliche Zustimmung zu diesen\nTeilnahmebedingungen.<\/p>\n\n\n\n<ol><li><strong>Teilnahmeberechtigung<\/strong><ol><li>Teilnahmeberechtigt sind alle Facebook- und Instagram-Fans von Tante Fine ab\n18 Jahren, die ihren Wohnsitz in Deutschland haben.<\/li><\/ol><ol><li>Jeder Teilnehmer darf sich nur einmal pro Gewinnspiel registrieren.<\/li><\/ol><ol><li>Von der Teilnahme ausgeschlossen sind Mitarbeiter des Veranstalters und\nseiner Dienstleister, sowie alle f\u00fcr diese Unternehmen t\u00e4tigen Freiberufler\nsowie Angeh\u00f6rige vorbezeichneter Personen.<\/li><\/ol><ol><li>Die Teilnahme \u00fcber (automatische) Dienstleister, insbesondere\nGewinnspiel-Clubs, Gewinnspiel-Agenten etc. ist ausgeschlossen.<\/li><\/ol><\/li><li><strong>Teilnahme<\/strong><ol><li>Das Gewinnspiel findet regelm\u00e4\u00dfig jeden Monat statt. Eine Teilnahme ist nur\ninnerhalb dieses Zeitraums m\u00f6glich.<\/li><\/ol><ol><li>Die Teilnahme erfolgt durch das Folgen und Verlinken der Tante Fine\nAccounts. <\/li><\/ol><ol><li>Pro Teilnehmer sind mehrere Beitr\u00e4ge gestattet.<\/li><\/ol><ol><li>Ist das Gewinnspiel mit der L\u00f6sung einer Aufgabe verkn\u00fcpft, werden\nausschlie\u00dflich Beitr\u00e4ge ber\u00fccksichtigt, welche die Aufgabe korrekt gel\u00f6st\nhaben.<\/li><\/ol><ol><li>Es ist untersagt, rassistische, pornografische, Gewalt verherrlichende oder\nanderweitig gesetzwidrige oder gegen die Facebook Community Standards (<a href=\"https:\/\/www.facebook.com\/communitystandards\">https:\/\/www.facebook.com\/communitystandards<\/a>) oder Instagram\nStandards: <a href=\"https:\/\/help.instagram.com\/477434105621119\">https:\/\/help.instagram.com\/477434105621119<\/a>\nversto\u00dfende\noder f\u00fcr politische Zwecke werbende Beitr\u00e4ge zu erstellen bzw. einzureichen.\nAus diesem Grund beh\u00e4lt sich der Veranstalter das Recht vor, ohne Angabe\nweiterer Gr\u00fcnde, entsprechende Beitr\u00e4ge unverz\u00fcglich zu entfernen.<\/li><\/ol><ol><li>Die Gewinner werden innerhalb von 24 Stunden nach Ende des\nGewinnspielzeitraums (am Ende eines Monats) durch Zufallsprinzip ausgelost.<\/li><\/ol><ol><li>Der Veranstalter \u00fcbernimmt keine Verantwortung f\u00fcr die Erreichbarkeit der\nWebsite und eventueller Probleme, die der Teilnehmer mit der Website hat.<\/li><\/ol><\/li><li><strong>Nutzungsrechte,\nFreistellung, Verantwortlichkeit<\/strong><ol><li>Der Veranstalter ist nicht verpflichtet, die eingereichten Fotos\/(Kreativ-)Beitr\u00e4ge\nauf potenzielle Verletzung von Rechten Dritter hin zu \u00fcberpr\u00fcfen.<\/li><\/ol><ol><li>Der Veranstalter ist berechtigt, solche Fotos\/(Kreativ-)Beitr\u00e4ge von der\nTeilnahme auszuschlie\u00dfen, die rechtswidrige und\/oder gegen die guten Sitten\nversto\u00dfende Inhalte haben.<\/li><\/ol><ol><li>Mit dem Posten des Fotos\/(Kreativ)Beitrags erkl\u00e4rt der Teilnehmer zugleich,\ndass sein Foto\/(Kreativ-)Beitrag frei von Rechten Dritter ist, insbesondere,\ndass die Inhalte von ihm stammen oder er mit der Einwilligung des Urhebers\nhandelt. Des Weiteren erkl\u00e4rt der Teilnehmer, dass er, sofern er Personen\nabgebildet hat, deren Einverst\u00e4ndnis zur Ver\u00f6ffentlichung im Rahmen dieses\nGewinnspiels hat.<\/li><\/ol><ol><li>Der Teilnehmer stellt den Veranstalter hinsichtlich aller Anspr\u00fcche Dritter\nfrei, die aufgrund des Teilnehmerbeitrages entstanden sind. Der Teilnehmer hat\nden Veranstalter bei der Abwehr solcher Anspr\u00fcche nach besten Kr\u00e4ften zu\nunterst\u00fctzen.<\/li><\/ol><ol><li>Der Teilnehmer erkl\u00e4rt sich einverstanden, dass sein Foto\/(Kreativ-)Beitrag\nim Zusammenhang mit diesem Gewinnspiel (Pinnwand mit Teilnehmerfotos,\nAbwicklung, Auslosung, Berichterstattung) vom Veranstalter in Off- und\nOnlinemedien genutzt, verbreitet und der \u00d6ffentlichkeit zug\u00e4nglich gemacht\nwird. Falls erforderlich, ist der Veranstalter berechtigt, das Foto\/den\n(Kreativ-)Beitrag zu bearbeiten und Dritten Nutzungsrechten einzur\u00e4umen.<\/li><\/ol><ol><li>Die Rechteeinr\u00e4umung des Teilnehmers an den Veranstalter erfolgt\nunentgeltlich und ohne zeitliche, r\u00e4umliche und inhaltliche Beschr\u00e4nkung.<\/li><\/ol><\/li><\/ol>\n\n\n\n<ul><li><strong>Gewinn\/Gewinnabwicklung<\/strong><ul><li>Verlost wird eine Gew\u00fcrzmischung <\/li><\/ul><ul><li>Eine Barauszahlung der Sachwerte oder ein Tausch der Gewinne ist nicht\nm\u00f6glich.<\/li><\/ul><ul><li>Die Gewinne k\u00f6nnen nicht \u00fcbertragen werden.<\/li><\/ul><ul><li>Ist die Vergabe des Gewinns aus Gr\u00fcnden, die au\u00dferhalb der Sph\u00e4re der an\nGewinnspiel beteiligten Unternehmen liegen nicht m\u00f6glich oder zumutbar, erh\u00e4lt\nder Gewinner einen gleichwertigen Ersatz, der seitens des Veranstalters\neinseitig bestimmt wird.<\/li><\/ul><\/li><\/ul>\n\n\n\n<ul><li><strong>Benachrichtigung und Ver\u00f6ffentlichung der Gewinner<\/strong><ul><li><strong>Die Gewinner werden mit Ihrem Facebook- oder Instagram-Namen in dem\nKommentarthread des Gewinnspiel-Postings bekanntgegeben und aufgefordert, ihre\nKontaktdaten an den Veranstalter des Gewinnspiels in einer privaten Nachricht zu\n\u00fcbermitteln. Der Gewinner erkl\u00e4rt sich mit dieser Art der Bekanntgabe\neinverstanden.<\/strong><\/li><\/ul><ul><li><strong>\u00dcber die Nennung gem\u00e4\u00df Abs. 1 hinaus, erkl\u00e4rt sich der Gewinner\neinverstanden, dass sein Vorname und abgek\u00fcrzter Nachname (z.B. Max M.) sowie\nder Name des Unternehmens oder der Institution auf der Website und\/oder in\nSocial-Media-Kan\u00e4len des Veranstalters ver\u00f6ffentlicht wird.<\/strong><\/li><\/ul><ul><li>Antwortet der Gewinner nicht innerhalb von 48 Stunden auf die\nGewinninformation des Veranstalters und \u00fcbermittelt nicht seine Kontakt- und\nAdressdaten, so verf\u00e4llt der Gewinn.<\/li><\/ul><ul><li>Sollten die vom Gewinner angegebenen Daten fehlerhaft und\/oder\nunvollst\u00e4ndig sein, ist der Veranstalter nicht verpflichtet, die korrekten\nDaten ausfindig zu machen. Nachteile aufgrund falscher Angaben gehen zu Lasten\ndes Teilnehmers\/Gewinners.<\/li><\/ul><ul><li>F\u00fcr den Fall, dass die Daten fehlerhaft und\/oder unvollst\u00e4ndig sind, beh\u00e4lt\nsich der Veranstalter vor, einen Ersatzgewinner zu ermitteln.<\/li><\/ul><\/li><li><strong>Teilnehmerdaten<\/strong><ul><li><strong>Der Veranstalter speichert und verarbeitet die Teilnehmerdaten zur\nDurchf\u00fchrung und Abwicklung des Gewinnspiels. Der Teilnehmer erkl\u00e4rt sich damit\neinverstanden, dass die Teilnehmerdaten vom Veranstalter zur Durchf\u00fchrung und\nAbwicklung des Gewinnspiels gespeichert und verarbeitet werden d\u00fcrfen.<\/strong><\/li><\/ul><ul><li><strong>Zur Durchf\u00fchrung und Abwicklung des Gewinnspiels bedient sich der\nVeranstalter anderer Dienstleister. Die Teilnehmer sind damit einverstanden,\ndass ihre Daten auch an die Dienstleister des Veranstalters \u00fcbermittelt werden.<\/strong><\/li><\/ul><ul><li><strong>Sofern der Teilnehmer nicht in eine weitergehende Nutzung\n(Werbung\/Newsletter) seiner Daten eingewilligt hat, findet eine Weitergabe an\nDritte oder die Datennutzung f\u00fcr Werbezwecke nicht statt.<\/strong><\/li><\/ul><\/li><\/ul>\n\n\n\n<ul><li><strong>Hinweise zum Datenschutz\/Betroffenenrechte<\/strong><ul><li><strong>Verantwortlicher f\u00fcr\ndie Verarbeitung personenbezogener Daten im Sinne der\nEU-Datenschutzgrundverordnung (DSGVO) ist der Veranstalter.&nbsp; Ihre Anliegen zum Thema Datenschutz oder\nIhren Widerruf einer Einwilligung k\u00f6nnen Sie per E-Mail an\ndatenschutz@flyeralarm.de richten.<\/strong><\/li><\/ul><ul><li><strong>Als\nTeilnehmer\/Gewinner haben Sie unter den jeweiligen gesetzlichen Voraussetzungen\ndie folgenden Datenschutzrechte: <\/strong><\/li><\/ul><\/li><\/ul>\n\n\n\n<p><strong>Recht auf Auskunft\n(Artikel 15 DSGVO) <\/strong><\/p>\n\n\n\n<p><strong>Recht auf L\u00f6schung\n(Artikel 17 DSGVO) <\/strong><\/p>\n\n\n\n<p><strong>Recht auf Berichtigung\n(Artikel 16 DSGVO) <\/strong><\/p>\n\n\n\n<p><strong>Recht auf\nEinschr\u00e4nkung der Verarbeitung (Artikel 18 DSGVO) <\/strong><\/p>\n\n\n\n<p><strong>Recht auf\nDaten\u00fcbertragbarkeit (Artikel 20 DSGVO) <\/strong><\/p>\n\n\n\n<p><strong>Beschwerderecht bei\neiner Datenschutzaufsichtsbeh\u00f6rde (Artikel 77 DSGVO) <\/strong><\/p>\n\n\n\n<p><strong>Recht auf Widerruf von\nEinwilligungen (Artikel 7 DSGVO) <\/strong><\/p>\n\n\n\n<p><strong>Recht auf Widerspruch gegen bestimmte Datenverarbeitungsma\u00dfnahmen (Artikel\n21 DSGVO)<\/strong><\/p>\n\n\n\n<ul><li><strong>\u00c4nderung des Gewinnspiels\/ der Teilnahmebedingungen<\/strong><\/li><\/ul>\n\n\n\n<p>Der Veranstalter\nbeh\u00e4lt sich das Recht vor, \u00c4nderungen und\/oder Erg\u00e4nzungen des Gewinnspiels\nund\/oder der Teilnahmebedingungen vorzunehmen und\/oder das Gewinnspiel ganz\nabzubrechen. Die Preise werden nur bei ordnungsgem\u00e4\u00dfer Durchf\u00fchrung des\nGewinnspiels vergeben.<\/p>\n\n\n\n<ul><li><strong>Facebook<\/strong><ul><li>Die Teilnehmer erkl\u00e4ren, dass sie im Zusammenhang mit diesem Gewinnspiel\nkeine Anspr\u00fcche gegen\u00fcber Facebook geltend machen werden.<\/li><\/ul><ul><li>Das Gewinnspiel steht in keinerlei Verbindung zu Facebook und wir von\nFacebook in keiner Weise gesponsert, unterst\u00fctzt oder organisiert.<\/li><\/ul><ul><li>Der Empf\u00e4nger der Teilnehmerdaten und eventueller Teilnehmerbeitr\u00e4ge ist\nder Veranstalter. Facebook ist nicht Empf\u00e4nger dieser Daten\/Beitr\u00e4ge.<\/li><\/ul><\/li><\/ul>\n\n\n\n<ol><li><strong>Instagram<\/strong><ol><li>Die Teilnehmer erkl\u00e4ren, dass sie im Zusammenhang mit diesem Gewinnspiel\nkeine Anspr\u00fcche gegen\u00fcber Instagram geltend machen werden.<\/li><\/ol><ol><li>Das Gewinnspiel steht in keinerlei Verbindung zu Instagram und wir von Instagram\nin keiner Weise gesponsert, unterst\u00fctzt oder organisiert.<\/li><\/ol><ol><li>Der Empf\u00e4nger der Teilnehmerdaten und eventueller Teilnehmerbeitr\u00e4ge ist\nder Veranstalter. Instagram ist nicht Empf\u00e4nger dieser Daten\/Beitr\u00e4ge.<\/li><\/ol><\/li><\/ol>\n\n\n\n<ol><li><strong>Sonstiges<\/strong><ol><li>Die Teilnahme am Gewinnspiel ist unabh\u00e4ngig von einem aktuellen oder\nzuk\u00fcnftigen Warenkauf oder dem Erwerb von Dienstleistungen des Veranstalters.<\/li><\/ol><ol><li>Das Gewinnspiel unterliegt dem deutschen Recht.<\/li><\/ol><ol><li>Der Rechtsweg ist ausgeschlossen.<\/li><\/ol><ol><li>Teilnehmer, die gegen die Teilnahmebedingungen versto\u00dfen oder das\nGewinnspiel manipulieren, k\u00f6nnen von der Teilnahme mit sofortiger Wirkung\nausgeschlossen werden.<\/li><\/ol><ol><li>Sollte eine Bestimmung dieser Teilnahmebedingungen ganz oder teilweise\nunwirksam sein oder werden, so ber\u00fchrt dies die G\u00fcltigkeit der\nTeilnahmebedingungen im \u00dcbrigen nicht. Anstelle der unwirksamen Bestimmungen\nwerden die Parteien in diesem Fall eine angemessene Regelung finden, die der\nBestimmung am n\u00e4chsten kommt, die ersetzt werden soll.<\/li><\/ol><\/li><\/ol>\n\n\n\n<p><\/p>\n","protected":false},"excerpt":{"rendered":"<p>auf Instagram und Facebook Teilnahmebedingungen Dieses kostenlose Gewinnspiel wird von der Tante Fine GmbH, Am Biotop 3, 97259 Greu\u00dfenheim (nachfolgend \u201eVeranstalter\u201c genannt) durchgef\u00fchrt. Aus Gr\u00fcnden der besseren Lesbarkeit wir im Folgenden auf die gleichzeitige Verwendung m\u00e4nnlicher und weiblicher Sprachformen verzichtet. S\u00e4mtliche Personenbezeichnungen gelten Gleichwohl f\u00fcr alle Geschlechter. Mit der Teilnahme erkl\u00e4rt der Teilnehmer seine Kenntnis und ausdr\u00fcckliche Zustimmung zu diesen Teilnahmebedingungen. Teilnahmeberechtigung Teilnahmeberechtigt sind alle Facebook- und Instagram-Fans von Tante Fine ab 18 Jahren, die ihren Wohnsitz in Deutschland haben. Jeder Teilnehmer darf sich nur einmal pro Gewinnspiel registrieren. Von der Teilnahme ausgeschlossen sind Mitarbeiter des Veranstalters und seiner Dienstleister, sowie alle f\u00fcr diese Unternehmen t\u00e4tigen Freiberufler sowie Angeh\u00f6rige vorbezeichneter Personen. Die Teilnahme \u00fcber (automatische) Dienstleister, insbesondere Gewinnspiel-Clubs, Gewinnspiel-Agenten etc. ist ausgeschlossen. Teilnahme Das Gewinnspiel findet regelm\u00e4\u00dfig jeden Monat statt. Eine Teilnahme ist nur innerhalb dieses Zeitraums m\u00f6glich. Die Teilnahme erfolgt durch das Folgen und Verlinken der Tante Fine Accounts. Pro Teilnehmer sind mehrere Beitr\u00e4ge gestattet. Ist das Gewinnspiel mit der L\u00f6sung einer Aufgabe verkn\u00fcpft, werden ausschlie\u00dflich Beitr\u00e4ge ber\u00fccksichtigt, welche die Aufgabe korrekt gel\u00f6st haben. Es ist untersagt, rassistische, pornografische, Gewalt verherrlichende oder anderweitig gesetzwidrige oder gegen die Facebook Community Standards (https:\/\/www.facebook.com\/communitystandards) oder Instagram Standards: https:\/\/help.instagram.com\/477434105621119 versto\u00dfende oder f\u00fcr politische [&hellip;]<\/p>\n","protected":false},"author":2,"featured_media":0,"parent":0,"menu_order":0,"comment_status":"closed","ping_status":"closed","template":"","meta":[],"yoast_head":"<!-- This site is optimized with the Yoast SEO plugin v15.8 - https:\/\/yoast.com\/wordpress\/plugins\/seo\/ -->\n<title>Teilnahmebedingungen Gewinnspiele - Tantefine<\/title>\n<meta name=\"robots\" content=\"noindex, follow, max-snippet:-1, max-image-preview:large, max-video-preview:-1\" \/>\n<meta property=\"og:locale\" content=\"de_DE\" \/>\n<meta property=\"og:type\" content=\"article\" \/>\n<meta property=\"og:title\" content=\"Teilnahmebedingungen Gewinnspiele - Tantefine\" \/>\n<meta property=\"og:description\" content=\"auf Instagram und Facebook Teilnahmebedingungen Dieses kostenlose Gewinnspiel wird von der Tante Fine GmbH, Am Biotop 3, 97259 Greu\u00dfenheim (nachfolgend \u201eVeranstalter\u201c genannt) durchgef\u00fchrt. Aus Gr\u00fcnden der besseren Lesbarkeit wir im Folgenden auf die gleichzeitige Verwendung m\u00e4nnlicher und weiblicher Sprachformen verzichtet. S\u00e4mtliche Personenbezeichnungen gelten Gleichwohl f\u00fcr alle Geschlechter. Mit der Teilnahme erkl\u00e4rt der Teilnehmer seine Kenntnis und ausdr\u00fcckliche Zustimmung zu diesen Teilnahmebedingungen. Teilnahmeberechtigung Teilnahmeberechtigt sind alle Facebook- und Instagram-Fans von Tante Fine ab 18 Jahren, die ihren Wohnsitz in Deutschland haben. Jeder Teilnehmer darf sich nur einmal pro Gewinnspiel registrieren. Von der Teilnahme ausgeschlossen sind Mitarbeiter des Veranstalters und seiner Dienstleister, sowie alle f\u00fcr diese Unternehmen t\u00e4tigen Freiberufler sowie Angeh\u00f6rige vorbezeichneter Personen. Die Teilnahme \u00fcber (automatische) Dienstleister, insbesondere Gewinnspiel-Clubs, Gewinnspiel-Agenten etc. ist ausgeschlossen. Teilnahme Das Gewinnspiel findet regelm\u00e4\u00dfig jeden Monat statt. Eine Teilnahme ist nur innerhalb dieses Zeitraums m\u00f6glich. Die Teilnahme erfolgt durch das Folgen und Verlinken der Tante Fine Accounts. Pro Teilnehmer sind mehrere Beitr\u00e4ge gestattet. Ist das Gewinnspiel mit der L\u00f6sung einer Aufgabe verkn\u00fcpft, werden ausschlie\u00dflich Beitr\u00e4ge ber\u00fccksichtigt, welche die Aufgabe korrekt gel\u00f6st haben. Es ist untersagt, rassistische, pornografische, Gewalt verherrlichende oder anderweitig gesetzwidrige oder gegen die Facebook Community Standards (https:\/\/www.facebook.com\/communitystandards) oder Instagram Standards: https:\/\/help.instagram.com\/477434105621119 versto\u00dfende oder f\u00fcr politische [&hellip;]\" \/>\n<meta property=\"og:url\" content=\"https:\/\/staging.tantefine.de\/blog\/teilnahmebedingungen-gewinnspiele\/\" \/>\n<meta property=\"og:site_name\" content=\"Tantefine\" \/>\n<meta property=\"article:modified_time\" content=\"2020-07-20T10:16:03+00:00\" \/>\n<meta name=\"twitter:card\" content=\"summary_large_image\" \/>\n<meta name=\"twitter:label1\" content=\"Gesch\u00e4tzte Lesezeit\">\n\t<meta name=\"twitter:data1\" content=\"6\u00a0Minuten\">\n<script type=\"application\/ld+json\" class=\"yoast-schema-graph\">{\"@context\":\"https:\/\/schema.org\",\"@graph\":[{\"@type\":\"WebSite\",\"@id\":\"https:\/\/staging.tantefine.de\/blog\/#website\",\"url\":\"https:\/\/staging.tantefine.de\/blog\/\",\"name\":\"Tantefine\",\"description\":\"Blog\",\"potentialAction\":[{\"@type\":\"SearchAction\",\"target\":\"https:\/\/staging.tantefine.de\/blog\/?s={search_term_string}\",\"query-input\":\"required name=search_term_string\"}],\"inLanguage\":\"de\"},{\"@type\":\"WebPage\",\"@id\":\"https:\/\/staging.tantefine.de\/blog\/teilnahmebedingungen-gewinnspiele\/#webpage\",\"url\":\"https:\/\/staging.tantefine.de\/blog\/teilnahmebedingungen-gewinnspiele\/\",\"name\":\"Teilnahmebedingungen Gewinnspiele - Tantefine\",\"isPartOf\":{\"@id\":\"https:\/\/staging.tantefine.de\/blog\/#website\"},\"datePublished\":\"2020-07-20T10:16:02+00:00\",\"dateModified\":\"2020-07-20T10:16:03+00:00\",\"breadcrumb\":{\"@id\":\"https:\/\/staging.tantefine.de\/blog\/teilnahmebedingungen-gewinnspiele\/#breadcrumb\"},\"inLanguage\":\"de\",\"potentialAction\":[{\"@type\":\"ReadAction\",\"target\":[\"https:\/\/staging.tantefine.de\/blog\/teilnahmebedingungen-gewinnspiele\/\"]}]},{\"@type\":\"BreadcrumbList\",\"@id\":\"https:\/\/staging.tantefine.de\/blog\/teilnahmebedingungen-gewinnspiele\/#breadcrumb\",\"itemListElement\":[{\"@type\":\"ListItem\",\"position\":1,\"item\":{\"@type\":\"WebPage\",\"@id\":\"https:\/\/staging.tantefine.de\/blog\/\",\"url\":\"https:\/\/staging.tantefine.de\/blog\/\",\"name\":\"Startseite\"}},{\"@type\":\"ListItem\",\"position\":2,\"item\":{\"@type\":\"WebPage\",\"@id\":\"https:\/\/staging.tantefine.de\/blog\/teilnahmebedingungen-gewinnspiele\/\",\"url\":\"https:\/\/staging.tantefine.de\/blog\/teilnahmebedingungen-gewinnspiele\/\",\"name\":\"Teilnahmebedingungen Gewinnspiele\"}}]}]}<\/script>\n<!-- \/ Yoast SEO plugin. -->","_links":{"self":[{"href":"https:\/\/staging.tantefine.de\/blog\/wp-json\/wp\/v2\/pages\/933"}],"collection":[{"href":"https:\/\/staging.tantefine.de\/blog\/wp-json\/wp\/v2\/pages"}],"about":[{"href":"https:\/\/staging.tantefine.de\/blog\/wp-json\/wp\/v2\/types\/page"}],"author":[{"embeddable":true,"href":"https:\/\/staging.tantefine.de\/blog\/wp-json\/wp\/v2\/users\/2"}],"replies":[{"embeddable":true,"href":"https:\/\/staging.tantefine.de\/blog\/wp-json\/wp\/v2\/comments?post=933"}],"version-history":[{"count":1,"href":"https:\/\/staging.tantefine.de\/blog\/wp-json\/wp\/v2\/pages\/933\/revisions"}],"predecessor-version":[{"id":934,"href":"https:\/\/staging.tantefine.de\/blog\/wp-json\/wp\/v2\/pages\/933\/revisions\/934"}],"wp:attachment":[{"href":"https:\/\/staging.tantefine.de\/blog\/wp-json\/wp\/v2\/media?parent=933"}],"curies":[{"name":"wp","href":"https:\/\/api.w.org\/{rel}","templated":true}]}}