{"id":447,"date":"2019-12-10T13:38:01","date_gmt":"2019-12-10T13:38:01","guid":{"rendered":"http:\/\/test.tantefine.de\/blog\/?page_id=447"},"modified":"2020-02-26T13:34:17","modified_gmt":"2020-02-26T13:34:17","slug":"tante-fine-magazin","status":"publish","type":"page","link":"https:\/\/staging.tantefine.de\/blog\/tante-fine-magazin\/","title":{"rendered":"Tante Fine Magazin"},"content":{"rendered":"\n<div class=\"wp-block-group alignwide\"><div class=\"wp-block-group__inner-container\">\n<p>Seit zwei Jahren oder genauer gesagt, seit mittlerweile acht Ausgaben gibt es unser Fine-Magazin. Immer passend zur Jahreszeit erscheint es mit einer Auflage von aktuell 8.500 Exemplaren und liegt deutschlandweit in \u00fcber 200 <a href=\"https:\/\/www.tantefine.de\/blog\/wp-content\/uploads\/2020\/01\/TF_Post_Auslagestellen_Magazin_122019_Ansicht.pdf\" target=\"_blank\" rel=\"noreferrer noopener\" aria-label=\"Auslagestellen (\u00f6ffnet in einem neuem Tab)\">Auslagestellen<\/a> aus. Die Themen darin sind vielseitig. Wir schreiben \u00fcber all das, was uns am Herzen liegt. Wir m\u00f6chten mit einer nachhaltigen Themenvielfalt Denkanst\u00f6\u00dfe geben und Mensch und Natur wieder n\u00e4her zusammen bringen. Es geht um Gesundheit, um Ern\u00e4hrung, um Lebensmodelle. Aber auch um Sport, Wellness und Sch\u00f6nheit. <\/p>\n\n\n\n<div class=\"wp-block-columns\">\n<div class=\"wp-block-column\">\n<div class=\"wp-block-image\"><figure class=\"alignright size-large is-resized\"><a href=\"https:\/\/www.tantefine.de\/blog\/?p=544\" target=\"_blank\" rel=\"noreferrer noopener\"><img loading=\"lazy\" src=\"https:\/\/www.tantefine.de\/blog\/wp-content\/uploads\/2020\/01\/8ausgabe-2.jpg\" alt=\"\" class=\"wp-image-621\" width=\"205\" height=\"205\" srcset=\"https:\/\/staging.tantefine.de\/blog\/wp-content\/uploads\/2020\/01\/8ausgabe-2.jpg 500w, https:\/\/staging.tantefine.de\/blog\/wp-content\/uploads\/2020\/01\/8ausgabe-2-300x300.jpg 300w, https:\/\/staging.tantefine.de\/blog\/wp-content\/uploads\/2020\/01\/8ausgabe-2-150x150.jpg 150w\" sizes=\"(max-width: 205px) 100vw, 205px\" \/><\/a><\/figure><\/div>\n<\/div>\n\n\n\n<div class=\"wp-block-column\">\n<div class=\"wp-block-image\"><figure class=\"alignright size-large is-resized\"><a href=\"https:\/\/www.tantefine.de\/blog\/wp-content\/uploads\/2020\/01\/TF_Post_Auslagestellen_Magazin_122019_Ansicht.pdf\" target=\"_blank\" rel=\"noreferrer noopener\"><img loading=\"lazy\" src=\"https:\/\/www.tantefine.de\/blog\/wp-content\/uploads\/2020\/01\/auslagestellen_1.jpg\" alt=\"\" class=\"wp-image-622\" width=\"211\" height=\"211\" srcset=\"https:\/\/staging.tantefine.de\/blog\/wp-content\/uploads\/2020\/01\/auslagestellen_1.jpg 500w, https:\/\/staging.tantefine.de\/blog\/wp-content\/uploads\/2020\/01\/auslagestellen_1-300x300.jpg 300w, https:\/\/staging.tantefine.de\/blog\/wp-content\/uploads\/2020\/01\/auslagestellen_1-150x150.jpg 150w\" sizes=\"(max-width: 211px) 100vw, 211px\" \/><\/a><\/figure><\/div>\n<\/div>\n\n\n\n<div class=\"wp-block-column\">\n<div class=\"wp-block-image\"><figure class=\"alignright size-large is-resized\"><a href=\"https:\/\/www.tantefine.de\/blog\/?cat=10\" target=\"_blank\" rel=\"noreferrer noopener\"><img loading=\"lazy\" src=\"https:\/\/www.tantefine.de\/blog\/wp-content\/uploads\/2020\/01\/beitra\u0308ge.jpg\" alt=\"\" class=\"wp-image-623\" width=\"216\" height=\"216\" srcset=\"https:\/\/staging.tantefine.de\/blog\/wp-content\/uploads\/2020\/01\/beitra\u0308ge.jpg 500w, https:\/\/staging.tantefine.de\/blog\/wp-content\/uploads\/2020\/01\/beitra\u0308ge-300x300.jpg 300w, https:\/\/staging.tantefine.de\/blog\/wp-content\/uploads\/2020\/01\/beitra\u0308ge-150x150.jpg 150w\" sizes=\"(max-width: 216px) 100vw, 216px\" \/><\/a><\/figure><\/div>\n<\/div>\n<\/div>\n<\/div><\/div>\n\n\n\n<h2>Abonnieren: <\/h2>\n\n\n\n<h4>Ab sofort schicken wir es dir f\u00fcr den Versandkostenbetrag von 10\u20ac f\u00fcr vier Ausgaben auch nach Hause. Sende uns daf\u00fcr einfach eine E-Mail an: <a href=\"mailto:b.balling@tantefine.de\">b.balling@tantefine.de<\/a> <\/h4>\n\n\n\n<p><strong><a rel=\"noreferrer noopener\" aria-label=\"Hier geht's zu unseren Magazinbeitr\u00e4gen (\u00f6ffnet in einem neuem Tab)\" href=\"https:\/\/www.tantefine.de\/blog\/?cat=10\" target=\"_blank\">Hier geht&#8217;s zu allen unseren Magazinbeitr\u00e4gen<\/a><\/strong><\/p>\n","protected":false},"excerpt":{"rendered":"<p>Abonnieren: Ab sofort schicken wir es dir f\u00fcr den Versandkostenbetrag von 10\u20ac f\u00fcr vier Ausgaben auch nach Hause. Sende uns daf\u00fcr einfach eine E-Mail an: b.balling@tantefine.de Hier geht&#8217;s zu allen unseren Magazinbeitr\u00e4gen<\/p>\n","protected":false},"author":2,"featured_media":0,"parent":0,"menu_order":0,"comment_status":"closed","ping_status":"closed","template":"","meta":[],"yoast_head":"<!-- This site is optimized with the Yoast SEO plugin v15.8 - https:\/\/yoast.com\/wordpress\/plugins\/seo\/ -->\n<title>Tante Fine Magazin - Tantefine<\/title>\n<meta name=\"robots\" content=\"noindex, follow, max-snippet:-1, max-image-preview:large, max-video-preview:-1\" \/>\n<meta property=\"og:locale\" content=\"de_DE\" \/>\n<meta property=\"og:type\" content=\"article\" \/>\n<meta property=\"og:title\" content=\"Tante Fine Magazin - Tantefine\" \/>\n<meta property=\"og:description\" content=\"Abonnieren: Ab sofort schicken wir es dir f\u00fcr den Versandkostenbetrag von 10\u20ac f\u00fcr vier Ausgaben auch nach Hause. Sende uns daf\u00fcr einfach eine E-Mail an: b.balling@tantefine.de Hier geht&#8217;s zu allen unseren Magazinbeitr\u00e4gen\" \/>\n<meta property=\"og:url\" content=\"https:\/\/staging.tantefine.de\/blog\/tante-fine-magazin\/\" \/>\n<meta property=\"og:site_name\" content=\"Tantefine\" \/>\n<meta property=\"article:modified_time\" content=\"2020-02-26T13:34:17+00:00\" \/>\n<meta property=\"og:image\" content=\"https:\/\/www.tantefine.de\/blog\/wp-content\/uploads\/2020\/01\/8ausgabe-2.jpg\" \/>\n<meta name=\"twitter:card\" content=\"summary_large_image\" \/>\n<meta name=\"twitter:label1\" content=\"Gesch\u00e4tzte Lesezeit\">\n\t<meta name=\"twitter:data1\" content=\"1\u00a0Minute\">\n<script type=\"application\/ld+json\" class=\"yoast-schema-graph\">{\"@context\":\"https:\/\/schema.org\",\"@graph\":[{\"@type\":\"WebSite\",\"@id\":\"https:\/\/staging.tantefine.de\/blog\/#website\",\"url\":\"https:\/\/staging.tantefine.de\/blog\/\",\"name\":\"Tantefine\",\"description\":\"Blog\",\"potentialAction\":[{\"@type\":\"SearchAction\",\"target\":\"https:\/\/staging.tantefine.de\/blog\/?s={search_term_string}\",\"query-input\":\"required name=search_term_string\"}],\"inLanguage\":\"de\"},{\"@type\":\"ImageObject\",\"@id\":\"https:\/\/staging.tantefine.de\/blog\/tante-fine-magazin\/#primaryimage\",\"inLanguage\":\"de\",\"url\":\"https:\/\/www.tantefine.de\/blog\/wp-content\/uploads\/2020\/01\/8ausgabe-2.jpg\"},{\"@type\":\"WebPage\",\"@id\":\"https:\/\/staging.tantefine.de\/blog\/tante-fine-magazin\/#webpage\",\"url\":\"https:\/\/staging.tantefine.de\/blog\/tante-fine-magazin\/\",\"name\":\"Tante Fine Magazin - Tantefine\",\"isPartOf\":{\"@id\":\"https:\/\/staging.tantefine.de\/blog\/#website\"},\"primaryImageOfPage\":{\"@id\":\"https:\/\/staging.tantefine.de\/blog\/tante-fine-magazin\/#primaryimage\"},\"datePublished\":\"2019-12-10T13:38:01+00:00\",\"dateModified\":\"2020-02-26T13:34:17+00:00\",\"breadcrumb\":{\"@id\":\"https:\/\/staging.tantefine.de\/blog\/tante-fine-magazin\/#breadcrumb\"},\"inLanguage\":\"de\",\"potentialAction\":[{\"@type\":\"ReadAction\",\"target\":[\"https:\/\/staging.tantefine.de\/blog\/tante-fine-magazin\/\"]}]},{\"@type\":\"BreadcrumbList\",\"@id\":\"https:\/\/staging.tantefine.de\/blog\/tante-fine-magazin\/#breadcrumb\",\"itemListElement\":[{\"@type\":\"ListItem\",\"position\":1,\"item\":{\"@type\":\"WebPage\",\"@id\":\"https:\/\/staging.tantefine.de\/blog\/\",\"url\":\"https:\/\/staging.tantefine.de\/blog\/\",\"name\":\"Startseite\"}},{\"@type\":\"ListItem\",\"position\":2,\"item\":{\"@type\":\"WebPage\",\"@id\":\"https:\/\/staging.tantefine.de\/blog\/tante-fine-magazin\/\",\"url\":\"https:\/\/staging.tantefine.de\/blog\/tante-fine-magazin\/\",\"name\":\"Tante Fine Magazin\"}}]}]}<\/script>\n<!-- \/ Yoast SEO plugin. -->","_links":{"self":[{"href":"https:\/\/staging.tantefine.de\/blog\/wp-json\/wp\/v2\/pages\/447"}],"collection":[{"href":"https:\/\/staging.tantefine.de\/blog\/wp-json\/wp\/v2\/pages"}],"about":[{"href":"https:\/\/staging.tantefine.de\/blog\/wp-json\/wp\/v2\/types\/page"}],"author":[{"embeddable":true,"href":"https:\/\/staging.tantefine.de\/blog\/wp-json\/wp\/v2\/users\/2"}],"replies":[{"embeddable":true,"href":"https:\/\/staging.tantefine.de\/blog\/wp-json\/wp\/v2\/comments?post=447"}],"version-history":[{"count":20,"href":"https:\/\/staging.tantefine.de\/blog\/wp-json\/wp\/v2\/pages\/447\/revisions"}],"predecessor-version":[{"id":681,"href":"https:\/\/staging.tantefine.de\/blog\/wp-json\/wp\/v2\/pages\/447\/revisions\/681"}],"wp:attachment":[{"href":"https:\/\/staging.tantefine.de\/blog\/wp-json\/wp\/v2\/media?parent=447"}],"curies":[{"name":"wp","href":"https:\/\/api.w.org\/{rel}","templated":true}]}}