{"id":27,"date":"2019-11-25T11:13:22","date_gmt":"2019-11-25T09:13:22","guid":{"rendered":"https:\/\/tantefineblog.wordpress.com\/?page_id=27"},"modified":"2019-12-10T15:13:23","modified_gmt":"2019-12-10T15:13:23","slug":"uber-tante-fine","status":"publish","type":"page","link":"https:\/\/staging.tantefine.de\/blog\/uber-tante-fine\/","title":{"rendered":"\u00dcber Tante Fine"},"content":{"rendered":"\n<p>Tante Fine ist mehr als ein Name. Tante Fine steht f\u00fcr ein Lebensgef\u00fchl. F\u00fcr Lebensfreude. Mit Begeisterung und Tatendrang bewirtschaftet das Fine Team einen landwirtschaftlichen Hof mit Feldern und einem wundersch\u00f6nen Kr\u00e4utergarten mitten in Mainfranken. Wir bauen alles selbst an. Wir pflegen, ernten, trocknen &#8211; und stellen aus den Kr\u00e4utern tolle Gewu\u0308rzmischungen, Teesorten und Vieles mehr her. Wir schaffen auf unserem Hof Leben und Lebensr\u00e4ume fu\u0308r Pflanzen und Tiere. Und wir verzichten dabei auf Pestizide, Geschmacksverst\u00e4rker und Chemie. Nur Natur. Sonst nix. Das ist unser Slogan und danach leben und arbeiten wir. Das, unsere Liebe zur Natur und unseren Spa\u00df an der Arbeit schmeckt und spu\u0308rt man auch in unseren Produkten. <\/p>\n\n\n\n<p><a href=\"http:\/\/www.tantefine.de\">www.tantefine.de <\/a><\/p>\n\n\n\n<hr class=\"wp-block-separator is-style-wide\"\/>\n\n\n\n<figure class=\"wp-block-gallery columns-3 is-cropped\"><ul class=\"blocks-gallery-grid\"><li class=\"blocks-gallery-item\"><figure><img loading=\"lazy\" width=\"1024\" height=\"675\" src=\"http:\/\/test.tantefine.de\/blog\/wp-content\/uploads\/2019\/12\/tantefine_gewuerzvielfalt_edp_6985-1024x675.jpg\" alt=\"\" data-id=\"418\" data-full-url=\"http:\/\/test.tantefine.de\/blog\/wp-content\/uploads\/2019\/12\/tantefine_gewuerzvielfalt_edp_6985-scaled.jpg\" data-link=\"http:\/\/test.tantefine.de\/blog\/?attachment_id=418\" class=\"wp-image-418\" srcset=\"https:\/\/staging.tantefine.de\/blog\/wp-content\/uploads\/2019\/12\/tantefine_gewuerzvielfalt_edp_6985-1024x675.jpg 1024w, https:\/\/staging.tantefine.de\/blog\/wp-content\/uploads\/2019\/12\/tantefine_gewuerzvielfalt_edp_6985-300x198.jpg 300w, https:\/\/staging.tantefine.de\/blog\/wp-content\/uploads\/2019\/12\/tantefine_gewuerzvielfalt_edp_6985-768x506.jpg 768w, https:\/\/staging.tantefine.de\/blog\/wp-content\/uploads\/2019\/12\/tantefine_gewuerzvielfalt_edp_6985-1536x1012.jpg 1536w, https:\/\/staging.tantefine.de\/blog\/wp-content\/uploads\/2019\/12\/tantefine_gewuerzvielfalt_edp_6985-2048x1350.jpg 2048w, https:\/\/staging.tantefine.de\/blog\/wp-content\/uploads\/2019\/12\/tantefine_gewuerzvielfalt_edp_6985-1080x712.jpg 1080w\" sizes=\"(max-width: 1024px) 100vw, 1024px\" \/><\/figure><\/li><li class=\"blocks-gallery-item\"><figure><img loading=\"lazy\" width=\"1024\" height=\"683\" src=\"http:\/\/test.tantefine.de\/blog\/wp-content\/uploads\/2019\/12\/file175-1024x683.jpg\" alt=\"\" data-id=\"419\" data-full-url=\"http:\/\/test.tantefine.de\/blog\/wp-content\/uploads\/2019\/12\/file175-scaled.jpg\" data-link=\"http:\/\/test.tantefine.de\/blog\/?attachment_id=419\" class=\"wp-image-419\" srcset=\"https:\/\/staging.tantefine.de\/blog\/wp-content\/uploads\/2019\/12\/file175-1024x683.jpg 1024w, https:\/\/staging.tantefine.de\/blog\/wp-content\/uploads\/2019\/12\/file175-300x200.jpg 300w, https:\/\/staging.tantefine.de\/blog\/wp-content\/uploads\/2019\/12\/file175-768x512.jpg 768w, https:\/\/staging.tantefine.de\/blog\/wp-content\/uploads\/2019\/12\/file175-1536x1024.jpg 1536w, https:\/\/staging.tantefine.de\/blog\/wp-content\/uploads\/2019\/12\/file175-2048x1365.jpg 2048w, https:\/\/staging.tantefine.de\/blog\/wp-content\/uploads\/2019\/12\/file175-1080x720.jpg 1080w\" sizes=\"(max-width: 1024px) 100vw, 1024px\" \/><\/figure><\/li><li class=\"blocks-gallery-item\"><figure><img loading=\"lazy\" width=\"681\" height=\"1024\" src=\"http:\/\/test.tantefine.de\/blog\/wp-content\/uploads\/2019\/12\/tantefine_edp_6577-1-1-681x1024.jpg\" alt=\"\" data-id=\"417\" data-full-url=\"http:\/\/test.tantefine.de\/blog\/wp-content\/uploads\/2019\/12\/tantefine_edp_6577-1-1-scaled.jpg\" data-link=\"http:\/\/test.tantefine.de\/blog\/?attachment_id=417\" class=\"wp-image-417\" srcset=\"https:\/\/staging.tantefine.de\/blog\/wp-content\/uploads\/2019\/12\/tantefine_edp_6577-1-1-681x1024.jpg 681w, https:\/\/staging.tantefine.de\/blog\/wp-content\/uploads\/2019\/12\/tantefine_edp_6577-1-1-200x300.jpg 200w, https:\/\/staging.tantefine.de\/blog\/wp-content\/uploads\/2019\/12\/tantefine_edp_6577-1-1-768x1154.jpg 768w, https:\/\/staging.tantefine.de\/blog\/wp-content\/uploads\/2019\/12\/tantefine_edp_6577-1-1-1022x1536.jpg 1022w, https:\/\/staging.tantefine.de\/blog\/wp-content\/uploads\/2019\/12\/tantefine_edp_6577-1-1-1363x2048.jpg 1363w, https:\/\/staging.tantefine.de\/blog\/wp-content\/uploads\/2019\/12\/tantefine_edp_6577-1-1-1080x1623.jpg 1080w, https:\/\/staging.tantefine.de\/blog\/wp-content\/uploads\/2019\/12\/tantefine_edp_6577-1-1-scaled.jpg 1703w\" sizes=\"(max-width: 681px) 100vw, 681px\" \/><\/figure><\/li><li class=\"blocks-gallery-item\"><figure><img loading=\"lazy\" width=\"1024\" height=\"683\" src=\"http:\/\/test.tantefine.de\/blog\/wp-content\/uploads\/2019\/12\/file119-1024x683.jpg\" alt=\"\" data-id=\"288\" data-full-url=\"http:\/\/test.tantefine.de\/blog\/wp-content\/uploads\/2019\/12\/file119-scaled.jpg\" data-link=\"http:\/\/test.tantefine.de\/blog\/?attachment_id=288\" class=\"wp-image-288\" srcset=\"https:\/\/staging.tantefine.de\/blog\/wp-content\/uploads\/2019\/12\/file119-1024x683.jpg 1024w, https:\/\/staging.tantefine.de\/blog\/wp-content\/uploads\/2019\/12\/file119-300x200.jpg 300w, https:\/\/staging.tantefine.de\/blog\/wp-content\/uploads\/2019\/12\/file119-768x512.jpg 768w, https:\/\/staging.tantefine.de\/blog\/wp-content\/uploads\/2019\/12\/file119-1536x1024.jpg 1536w, https:\/\/staging.tantefine.de\/blog\/wp-content\/uploads\/2019\/12\/file119-2048x1365.jpg 2048w, https:\/\/staging.tantefine.de\/blog\/wp-content\/uploads\/2019\/12\/file119-1080x720.jpg 1080w\" sizes=\"(max-width: 1024px) 100vw, 1024px\" \/><\/figure><\/li><li class=\"blocks-gallery-item\"><figure><img loading=\"lazy\" width=\"731\" height=\"1024\" src=\"http:\/\/test.tantefine.de\/blog\/wp-content\/uploads\/2019\/12\/cjh_074-731x1024.jpg\" alt=\"\" data-id=\"289\" data-full-url=\"http:\/\/test.tantefine.de\/blog\/wp-content\/uploads\/2019\/12\/cjh_074-scaled.jpg\" data-link=\"http:\/\/test.tantefine.de\/blog\/?attachment_id=289\" class=\"wp-image-289\" srcset=\"https:\/\/staging.tantefine.de\/blog\/wp-content\/uploads\/2019\/12\/cjh_074-731x1024.jpg 731w, https:\/\/staging.tantefine.de\/blog\/wp-content\/uploads\/2019\/12\/cjh_074-214x300.jpg 214w, https:\/\/staging.tantefine.de\/blog\/wp-content\/uploads\/2019\/12\/cjh_074-768x1075.jpg 768w, https:\/\/staging.tantefine.de\/blog\/wp-content\/uploads\/2019\/12\/cjh_074-1097x1536.jpg 1097w, https:\/\/staging.tantefine.de\/blog\/wp-content\/uploads\/2019\/12\/cjh_074-1463x2048.jpg 1463w, https:\/\/staging.tantefine.de\/blog\/wp-content\/uploads\/2019\/12\/cjh_074-1080x1512.jpg 1080w, https:\/\/staging.tantefine.de\/blog\/wp-content\/uploads\/2019\/12\/cjh_074-scaled.jpg 1828w\" sizes=\"(max-width: 731px) 100vw, 731px\" \/><\/figure><\/li><li class=\"blocks-gallery-item\"><figure><img loading=\"lazy\" width=\"1024\" height=\"681\" src=\"http:\/\/test.tantefine.de\/blog\/wp-content\/uploads\/2019\/12\/tantefine_salatsosse_edp_6787-1024x681.jpg\" alt=\"\" data-id=\"287\" data-full-url=\"http:\/\/test.tantefine.de\/blog\/wp-content\/uploads\/2019\/12\/tantefine_salatsosse_edp_6787-scaled.jpg\" data-link=\"http:\/\/test.tantefine.de\/blog\/?attachment_id=287\" class=\"wp-image-287\" srcset=\"https:\/\/staging.tantefine.de\/blog\/wp-content\/uploads\/2019\/12\/tantefine_salatsosse_edp_6787-1024x681.jpg 1024w, https:\/\/staging.tantefine.de\/blog\/wp-content\/uploads\/2019\/12\/tantefine_salatsosse_edp_6787-300x200.jpg 300w, https:\/\/staging.tantefine.de\/blog\/wp-content\/uploads\/2019\/12\/tantefine_salatsosse_edp_6787-768x511.jpg 768w, https:\/\/staging.tantefine.de\/blog\/wp-content\/uploads\/2019\/12\/tantefine_salatsosse_edp_6787-1536x1022.jpg 1536w, https:\/\/staging.tantefine.de\/blog\/wp-content\/uploads\/2019\/12\/tantefine_salatsosse_edp_6787-2048x1363.jpg 2048w, https:\/\/staging.tantefine.de\/blog\/wp-content\/uploads\/2019\/12\/tantefine_salatsosse_edp_6787-1080x719.jpg 1080w\" sizes=\"(max-width: 1024px) 100vw, 1024px\" \/><\/figure><\/li><\/ul><\/figure>\n\n\n\n<div style=\"height:32px\" aria-hidden=\"true\" class=\"wp-block-spacer desktop-only\"><\/div>\n\n\n\n<p><\/p>\n\n\n\n<p><\/p>\n","protected":false},"excerpt":{"rendered":"<p>Tante Fine ist mehr als ein Name. Tante Fine steht f\u00fcr ein Lebensgef\u00fchl. F\u00fcr Lebensfreude. Mit Begeisterung und Tatendrang bewirtschaftet das Fine Team einen landwirtschaftlichen Hof mit Feldern und einem wundersch\u00f6nen Kr\u00e4utergarten mitten in Mainfranken. Wir bauen alles selbst an. Wir pflegen, ernten, trocknen &#8211; und stellen aus den Kr\u00e4utern tolle Gewu\u0308rzmischungen, Teesorten und Vieles mehr her. Wir schaffen auf unserem Hof Leben und Lebensr\u00e4ume fu\u0308r Pflanzen und Tiere. Und wir verzichten dabei auf Pestizide, Geschmacksverst\u00e4rker und Chemie. Nur Natur. Sonst nix. Das ist unser Slogan und danach leben und arbeiten wir. Das, unsere Liebe zur Natur und unseren Spa\u00df an der Arbeit schmeckt und spu\u0308rt man auch in unseren Produkten. www.tantefine.de<\/p>\n","protected":false},"author":2,"featured_media":0,"parent":0,"menu_order":0,"comment_status":"closed","ping_status":"closed","template":"","meta":[],"yoast_head":"<!-- This site is optimized with the Yoast SEO plugin v15.8 - https:\/\/yoast.com\/wordpress\/plugins\/seo\/ -->\n<title>\u00dcber Tante Fine - Tantefine<\/title>\n<meta name=\"robots\" content=\"noindex, follow, max-snippet:-1, max-image-preview:large, max-video-preview:-1\" \/>\n<meta property=\"og:locale\" content=\"de_DE\" \/>\n<meta property=\"og:type\" content=\"article\" \/>\n<meta property=\"og:title\" content=\"\u00dcber Tante Fine - Tantefine\" \/>\n<meta property=\"og:description\" content=\"Tante Fine ist mehr als ein Name. Tante Fine steht f\u00fcr ein Lebensgef\u00fchl. F\u00fcr Lebensfreude. Mit Begeisterung und Tatendrang bewirtschaftet das Fine Team einen landwirtschaftlichen Hof mit Feldern und einem wundersch\u00f6nen Kr\u00e4utergarten mitten in Mainfranken. Wir bauen alles selbst an. Wir pflegen, ernten, trocknen &#8211; und stellen aus den Kr\u00e4utern tolle Gewu\u0308rzmischungen, Teesorten und Vieles mehr her. Wir schaffen auf unserem Hof Leben und Lebensr\u00e4ume fu\u0308r Pflanzen und Tiere. Und wir verzichten dabei auf Pestizide, Geschmacksverst\u00e4rker und Chemie. Nur Natur. Sonst nix. Das ist unser Slogan und danach leben und arbeiten wir. Das, unsere Liebe zur Natur und unseren Spa\u00df an der Arbeit schmeckt und spu\u0308rt man auch in unseren Produkten. www.tantefine.de\" \/>\n<meta property=\"og:url\" content=\"https:\/\/staging.tantefine.de\/blog\/uber-tante-fine\/\" \/>\n<meta property=\"og:site_name\" content=\"Tantefine\" \/>\n<meta property=\"article:modified_time\" content=\"2019-12-10T15:13:23+00:00\" \/>\n<meta property=\"og:image\" content=\"http:\/\/test.tantefine.de\/blog\/wp-content\/uploads\/2019\/12\/tantefine_gewuerzvielfalt_edp_6985-1024x675.jpg\" \/>\n<meta name=\"twitter:card\" content=\"summary_large_image\" \/>\n<meta name=\"twitter:label1\" content=\"Gesch\u00e4tzte Lesezeit\">\n\t<meta name=\"twitter:data1\" content=\"1\u00a0Minute\">\n<script type=\"application\/ld+json\" class=\"yoast-schema-graph\">{\"@context\":\"https:\/\/schema.org\",\"@graph\":[{\"@type\":\"WebSite\",\"@id\":\"https:\/\/staging.tantefine.de\/blog\/#website\",\"url\":\"https:\/\/staging.tantefine.de\/blog\/\",\"name\":\"Tantefine\",\"description\":\"Blog\",\"potentialAction\":[{\"@type\":\"SearchAction\",\"target\":\"https:\/\/staging.tantefine.de\/blog\/?s={search_term_string}\",\"query-input\":\"required name=search_term_string\"}],\"inLanguage\":\"de\"},{\"@type\":\"ImageObject\",\"@id\":\"https:\/\/staging.tantefine.de\/blog\/uber-tante-fine\/#primaryimage\",\"inLanguage\":\"de\",\"url\":\"http:\/\/test.tantefine.de\/blog\/wp-content\/uploads\/2019\/12\/tantefine_gewuerzvielfalt_edp_6985-1024x675.jpg\"},{\"@type\":\"WebPage\",\"@id\":\"https:\/\/staging.tantefine.de\/blog\/uber-tante-fine\/#webpage\",\"url\":\"https:\/\/staging.tantefine.de\/blog\/uber-tante-fine\/\",\"name\":\"\\u00dcber Tante Fine - Tantefine\",\"isPartOf\":{\"@id\":\"https:\/\/staging.tantefine.de\/blog\/#website\"},\"primaryImageOfPage\":{\"@id\":\"https:\/\/staging.tantefine.de\/blog\/uber-tante-fine\/#primaryimage\"},\"datePublished\":\"2019-11-25T09:13:22+00:00\",\"dateModified\":\"2019-12-10T15:13:23+00:00\",\"breadcrumb\":{\"@id\":\"https:\/\/staging.tantefine.de\/blog\/uber-tante-fine\/#breadcrumb\"},\"inLanguage\":\"de\",\"potentialAction\":[{\"@type\":\"ReadAction\",\"target\":[\"https:\/\/staging.tantefine.de\/blog\/uber-tante-fine\/\"]}]},{\"@type\":\"BreadcrumbList\",\"@id\":\"https:\/\/staging.tantefine.de\/blog\/uber-tante-fine\/#breadcrumb\",\"itemListElement\":[{\"@type\":\"ListItem\",\"position\":1,\"item\":{\"@type\":\"WebPage\",\"@id\":\"https:\/\/staging.tantefine.de\/blog\/\",\"url\":\"https:\/\/staging.tantefine.de\/blog\/\",\"name\":\"Startseite\"}},{\"@type\":\"ListItem\",\"position\":2,\"item\":{\"@type\":\"WebPage\",\"@id\":\"https:\/\/staging.tantefine.de\/blog\/uber-tante-fine\/\",\"url\":\"https:\/\/staging.tantefine.de\/blog\/uber-tante-fine\/\",\"name\":\"\\u00dcber Tante Fine\"}}]}]}<\/script>\n<!-- \/ Yoast SEO plugin. -->","_links":{"self":[{"href":"https:\/\/staging.tantefine.de\/blog\/wp-json\/wp\/v2\/pages\/27"}],"collection":[{"href":"https:\/\/staging.tantefine.de\/blog\/wp-json\/wp\/v2\/pages"}],"about":[{"href":"https:\/\/staging.tantefine.de\/blog\/wp-json\/wp\/v2\/types\/page"}],"author":[{"embeddable":true,"href":"https:\/\/staging.tantefine.de\/blog\/wp-json\/wp\/v2\/users\/2"}],"replies":[{"embeddable":true,"href":"https:\/\/staging.tantefine.de\/blog\/wp-json\/wp\/v2\/comments?post=27"}],"version-history":[{"count":2,"href":"https:\/\/staging.tantefine.de\/blog\/wp-json\/wp\/v2\/pages\/27\/revisions"}],"predecessor-version":[{"id":499,"href":"https:\/\/staging.tantefine.de\/blog\/wp-json\/wp\/v2\/pages\/27\/revisions\/499"}],"wp:attachment":[{"href":"https:\/\/staging.tantefine.de\/blog\/wp-json\/wp\/v2\/media?parent=27"}],"curies":[{"name":"wp","href":"https:\/\/api.w.org\/{rel}","templated":true}]}}